{"id":1594,"date":"2026-03-24T18:50:31","date_gmt":"2026-03-24T18:50:31","guid":{"rendered":"https:\/\/manchuwok.com\/about-us\/"},"modified":"2026-05-04T21:09:20","modified_gmt":"2026-05-04T21:09:20","slug":"about-us","status":"publish","type":"page","link":"https:\/\/manchuwok.com\/fr\/about-us\/","title":{"rendered":"About Us"},"content":{"rendered":"\t\t<div data-elementor-type=\"wp-page\" data-elementor-id=\"1594\" class=\"elementor elementor-1594 elementor-494\" data-elementor-post-type=\"page\">\n\t\t\t\t<div data-particle_enable=\"false\" data-particle-mobile-disabled=\"false\" class=\"elementor-element elementor-element-d5cd47f e-con-full e-flex e-con e-parent\" data-id=\"d5cd47f\" data-element_type=\"container\" data-e-type=\"container\" data-settings=\"{&quot;background_background&quot;:&quot;classic&quot;}\">\n\t\t\t\t<div class=\"elementor-element elementor-element-0822779 elementor-widget elementor-widget-heading\" data-id=\"0822779\" data-element_type=\"widget\" data-e-type=\"widget\" data-widget_type=\"heading.default\">\n\t\t\t\t\t<h2 class=\"elementor-heading-title elementor-size-default\">45 ANS DE SAVEURS IRR\u00c9SISTIBLES<\/h2>\t\t\t\t<\/div>\n\t\t\t\t<\/div>\n\t\t<div data-particle_enable=\"false\" data-particle-mobile-disabled=\"false\" class=\"elementor-element elementor-element-3c67e5f e-con-full e-flex elementor-invisible e-con e-parent\" data-id=\"3c67e5f\" data-element_type=\"container\" data-e-type=\"container\" data-settings=\"{&quot;animation&quot;:&quot;fadeIn&quot;}\">\n\t\t<div data-particle_enable=\"false\" data-particle-mobile-disabled=\"false\" class=\"elementor-element elementor-element-4c7bd19 e-con-full e-flex e-con e-child\" data-id=\"4c7bd19\" data-element_type=\"container\" data-e-type=\"container\" data-settings=\"{&quot;background_background&quot;:&quot;classic&quot;}\">\n\t\t\t\t<div class=\"elementor-element elementor-element-69025ed elementor-widget elementor-widget-heading\" data-id=\"69025ed\" data-element_type=\"widget\" data-e-type=\"widget\" data-widget_type=\"heading.default\">\n\t\t\t\t\t<h2 class=\"elementor-heading-title elementor-size-default\">L'histoire de Manchu WOK<\/h2>\t\t\t\t<\/div>\n\t\t\t\t<div class=\"elementor-element elementor-element-682ae47 elementor-widget elementor-widget-text-editor\" data-id=\"682ae47\" data-element_type=\"widget\" data-e-type=\"widget\" data-widget_type=\"text-editor.default\">\n\t\t\t\t\t\t\t\t\t<p>Depuis ses d\u00e9buts en 1980, avec un seul restaurant dans une foire alimentaire \u00e0 Peterborough, en Ontario, Manchu WOK est devenue une r\u00e9f\u00e9rence en mati\u00e8re de cuisine chinoise au Canada depuis les 45 derni\u00e8res ann\u00e9es. Fond\u00e9e par le Dr Jack Lew, la marque a \u00e9t\u00e9 cr\u00e9\u00e9e afin de faire d\u00e9couvrir les saveurs de la cuisine chinoises audacieuses et irr\u00e9sistibles \u00e0 un public grandissant. Les Canadiens ont rapidement adopt\u00e9 la marque. Pr\u00e9sente dans les centres commerciaux, les a\u00e9roports, les parcs d\u2019amusement, les casinos et les rues urbaines achaland\u00e9es, Manchu WOK est devenue un nom bien connu et un incontournable des foires alimentaires. Aujourd\u2019hui, nous sommes fiers de servir nos clients dans plus de 80 restaurants dans trois pays, et notre croissance se poursuit. Notre mission reste la m\u00eame : rassembler les gens autour d&rsquo;une cuisine chinoise fra\u00eeche, savoureuse, r\u00e9confortante et pr\u00e9par\u00e9e avec soin.<\/p>\t\t\t\t\t\t\t\t<\/div>\n\t\t\t\t<\/div>\n\t\t<div data-particle_enable=\"false\" data-particle-mobile-disabled=\"false\" class=\"elementor-element elementor-element-2c8f483 e-con-full elementor-hidden-mobile e-flex e-con e-child\" data-id=\"2c8f483\" data-element_type=\"container\" data-e-type=\"container\" data-settings=\"{&quot;background_background&quot;:&quot;classic&quot;}\">\n\t\t\t\t<\/div>\n\t\t\t\t<\/div>\n\t\t<div data-particle_enable=\"false\" data-particle-mobile-disabled=\"false\" class=\"elementor-element elementor-element-8bc4d77 e-con-full e-flex e-con e-parent\" data-id=\"8bc4d77\" data-element_type=\"container\" data-e-type=\"container\">\n\t\t<div data-particle_enable=\"false\" data-particle-mobile-disabled=\"false\" class=\"elementor-element elementor-element-8a46dd3 e-con-full elementor-hidden-mobile e-flex e-con e-child\" data-id=\"8a46dd3\" data-element_type=\"container\" data-e-type=\"container\" data-settings=\"{&quot;background_background&quot;:&quot;classic&quot;}\">\n\t\t\t\t<\/div>\n\t\t<div data-particle_enable=\"false\" data-particle-mobile-disabled=\"false\" class=\"elementor-element elementor-element-7035fb2 e-con-full e-flex e-con e-child\" data-id=\"7035fb2\" data-element_type=\"container\" data-e-type=\"container\" data-settings=\"{&quot;background_background&quot;:&quot;classic&quot;}\">\n\t\t\t\t<div class=\"elementor-element elementor-element-ae779ef elementor-widget elementor-widget-heading\" data-id=\"ae779ef\" data-element_type=\"widget\" data-e-type=\"widget\" data-widget_type=\"heading.default\">\n\t\t\t\t\t<h2 class=\"elementor-heading-title elementor-size-default\">NOS ALIMENTS<\/h2>\t\t\t\t<\/div>\n\t\t\t\t<div class=\"elementor-element elementor-element-542c010 elementor-widget elementor-widget-text-editor\" data-id=\"542c010\" data-element_type=\"widget\" data-e-type=\"widget\" data-widget_type=\"text-editor.default\">\n\t\t\t\t\t\t\t\t\t<p>Des plats signature aux nouvelles saveurs audacieuses, Manchu WOK est en mesure de transformer chaque combo en un choix savoureusement id\u00e9al.<\/p><p>\u00c0 la grandeur du Canada, les clients peuvent savourer nos classiques, notamment le Poulet au miel et \u00e0 l&rsquo;ail, le Porc aigre-doux, le Poulet du G\u00e9n\u00e9ral Tso ainsi que le B\u0153uf et brocoli. Ces plats ont conquis des g\u00e9n\u00e9rations d&rsquo;adeptes de Manchu WOK. Et bien s\u00fbr, aucune visite n&rsquo;est compl\u00e8te sans nos Nouilles lo mein embl\u00e9matiques fra\u00eechement saut\u00e9es \u00e0 la perfection au wok chaque jour.\u00a0<\/p><p>Chez Manchu WOK, chaque bouch\u00e9e est une c\u00e9l\u00e9bration de saveurs. Chaque plat est fra\u00eechement cuit, servi rapidement et pr\u00e9par\u00e9 exactement comme vous l&rsquo;aimez.<\/p>\t\t\t\t\t\t\t\t<\/div>\n\t\t\t\t<div class=\"elementor-element elementor-element-e847df2 elementor-mobile-align-center elementor-widget elementor-widget-button\" data-id=\"e847df2\" data-element_type=\"widget\" data-e-type=\"widget\" data-widget_type=\"button.default\">\n\t\t\t\t\t\t\t\t\t\t<a class=\"elementor-button elementor-button-link elementor-size-sm\" href=\"https:\/\/locations.manchuwok.com\/fr\/\">\n\t\t\t\t\t\t<span class=\"elementor-button-content-wrapper\">\n\t\t\t\t\t\t\t\t\t<span class=\"elementor-button-text\">TROUVER UN RESTAURANT<\/span>\n\t\t\t\t\t<\/span>\n\t\t\t\t\t<\/a>\n\t\t\t\t\t\t\t\t<\/div>\n\t\t\t\t<\/div>\n\t\t\t\t<\/div>\n\t\t\t\t<\/div>\n\t\t","protected":false},"excerpt":{"rendered":"<p>45 ANS DE SAVEURS IRR\u00c9SISTIBLES L&rsquo;histoire de Manchu WOK Depuis ses d\u00e9buts en 1980, avec un seul restaurant dans une foire alimentaire \u00e0 Peterborough, en Ontario, Manchu WOK est devenue une r\u00e9f\u00e9rence en mati\u00e8re de cuisine chinoise au Canada depuis les 45 derni\u00e8res ann\u00e9es. Fond\u00e9e par le Dr Jack Lew, la marque a \u00e9t\u00e9 cr\u00e9\u00e9e [&hellip;]<\/p>\n","protected":false},"author":1,"featured_media":0,"parent":0,"menu_order":0,"comment_status":"closed","ping_status":"closed","template":"","meta":{"_acf_changed":false,"footnotes":""},"class_list":["post-1594","page","type-page","status-publish","hentry"],"acf":[],"_links":{"self":[{"href":"https:\/\/manchuwok.com\/fr\/wp-json\/wp\/v2\/pages\/1594","targetHints":{"allow":["GET"]}}],"collection":[{"href":"https:\/\/manchuwok.com\/fr\/wp-json\/wp\/v2\/pages"}],"about":[{"href":"https:\/\/manchuwok.com\/fr\/wp-json\/wp\/v2\/types\/page"}],"author":[{"embeddable":true,"href":"https:\/\/manchuwok.com\/fr\/wp-json\/wp\/v2\/users\/1"}],"replies":[{"embeddable":true,"href":"https:\/\/manchuwok.com\/fr\/wp-json\/wp\/v2\/comments?post=1594"}],"version-history":[{"count":4,"href":"https:\/\/manchuwok.com\/fr\/wp-json\/wp\/v2\/pages\/1594\/revisions"}],"predecessor-version":[{"id":1603,"href":"https:\/\/manchuwok.com\/fr\/wp-json\/wp\/v2\/pages\/1594\/revisions\/1603"}],"wp:attachment":[{"href":"https:\/\/manchuwok.com\/fr\/wp-json\/wp\/v2\/media?parent=1594"}],"curies":[{"name":"wp","href":"https:\/\/api.w.org\/{rel}","templated":true}]}}