{"id":1581,"date":"2026-04-01T16:01:53","date_gmt":"2026-04-01T16:01:53","guid":{"rendered":"https:\/\/manchuwok.com\/gift-cards\/"},"modified":"2026-05-05T18:59:36","modified_gmt":"2026-05-05T18:59:36","slug":"gift-cards","status":"publish","type":"page","link":"https:\/\/manchuwok.com\/fr\/gift-cards\/","title":{"rendered":"Gift Cards"},"content":{"rendered":"\t\t<div data-elementor-type=\"wp-page\" data-elementor-id=\"1581\" class=\"elementor elementor-1581 elementor-647\" data-elementor-post-type=\"page\">\n\t\t\t\t<div data-particle_enable=\"false\" data-particle-mobile-disabled=\"false\" class=\"elementor-element elementor-element-245a4e0 e-flex e-con-boxed e-con e-parent\" data-id=\"245a4e0\" data-element_type=\"container\" data-e-type=\"container\" data-settings=\"{&quot;background_background&quot;:&quot;classic&quot;}\">\n\t\t\t\t\t<div class=\"e-con-inner\">\n\t\t<div data-particle_enable=\"false\" data-particle-mobile-disabled=\"false\" class=\"elementor-element elementor-element-959276f e-con-full e-flex e-con e-child\" data-id=\"959276f\" data-element_type=\"container\" data-e-type=\"container\">\n\t\t\t\t<div class=\"elementor-element elementor-element-42497f2 elementor-widget elementor-widget-image\" data-id=\"42497f2\" data-element_type=\"widget\" data-e-type=\"widget\" data-widget_type=\"image.default\">\n\t\t\t\t\t\t\t\t\t\t\t\t\t\t\t<img fetchpriority=\"high\" decoding=\"async\" width=\"708\" height=\"259\" src=\"https:\/\/manchuwok.com\/wp-content\/uploads\/2026\/05\/Group-178-1.png\" class=\"attachment-2048x2048 size-2048x2048 wp-image-1651\" alt=\"\" srcset=\"https:\/\/manchuwok.com\/wp-content\/uploads\/2026\/05\/Group-178-1.png 708w, https:\/\/manchuwok.com\/wp-content\/uploads\/2026\/05\/Group-178-1-300x110.png 300w\" sizes=\"(max-width: 708px) 100vw, 708px\" \/>\t\t\t\t\t\t\t\t\t\t\t\t\t\t\t<\/div>\n\t\t\t\t<div class=\"elementor-element elementor-element-eb4e181 elementor-align-center elementor-widget elementor-widget-button\" data-id=\"eb4e181\" data-element_type=\"widget\" data-e-type=\"widget\" data-widget_type=\"button.default\">\n\t\t\t\t\t\t\t\t\t\t<a class=\"elementor-button elementor-button-link elementor-size-sm\" href=\"https:\/\/order.manchuwok.com\/send-gift-card\">\n\t\t\t\t\t\t<span class=\"elementor-button-content-wrapper\">\n\t\t\t\t\t\t\t\t\t<span class=\"elementor-button-text\">Achetez maintenant<\/span>\n\t\t\t\t\t<\/span>\n\t\t\t\t\t<\/a>\n\t\t\t\t\t\t\t\t<\/div>\n\t\t\t\t<\/div>\n\t\t<div data-particle_enable=\"false\" data-particle-mobile-disabled=\"false\" class=\"elementor-element elementor-element-e0fd112 e-con-full e-flex e-con e-child\" data-id=\"e0fd112\" data-element_type=\"container\" data-e-type=\"container\">\n\t\t\t\t<div class=\"elementor-element elementor-element-9effda8 gift-card-image elementor-widget elementor-widget-image\" data-id=\"9effda8\" data-element_type=\"widget\" data-e-type=\"widget\" data-widget_type=\"image.default\">\n\t\t\t\t\t\t\t\t\t\t\t\t\t\t\t<img decoding=\"async\" width=\"902\" height=\"616\" data-src=\"https:\/\/manchuwok.com\/wp-content\/uploads\/2026\/04\/Mask-Group-7-1.png\" class=\"attachment-2048x2048 size-2048x2048 wp-image-1590 lazyload\" alt=\"\" data-srcset=\"https:\/\/manchuwok.com\/wp-content\/uploads\/2026\/04\/Mask-Group-7-1.png 902w, https:\/\/manchuwok.com\/wp-content\/uploads\/2026\/04\/Mask-Group-7-1-300x205.png 300w, https:\/\/manchuwok.com\/wp-content\/uploads\/2026\/04\/Mask-Group-7-1-768x524.png 768w\" data-sizes=\"(max-width: 902px) 100vw, 902px\" src=\"data:image\/svg+xml;base64,PHN2ZyB3aWR0aD0iMSIgaGVpZ2h0PSIxIiB4bWxucz0iaHR0cDovL3d3dy53My5vcmcvMjAwMC9zdmciPjwvc3ZnPg==\" style=\"--smush-placeholder-width: 902px; --smush-placeholder-aspect-ratio: 902\/616;\" \/>\t\t\t\t\t\t\t\t\t\t\t\t\t\t\t<\/div>\n\t\t\t\t<\/div>\n\t\t\t\t\t<\/div>\n\t\t\t\t<\/div>\n\t\t<div data-particle_enable=\"false\" data-particle-mobile-disabled=\"false\" class=\"elementor-element elementor-element-48ef95a e-con-full e-flex e-con e-parent\" data-id=\"48ef95a\" data-element_type=\"container\" data-e-type=\"container\">\n\t\t\t\t<div class=\"elementor-element elementor-element-8d855bd elementor-widget elementor-widget-image-carousel\" data-id=\"8d855bd\" data-element_type=\"widget\" data-e-type=\"widget\" data-settings=\"{&quot;slides_to_show&quot;:&quot;4&quot;,&quot;slides_to_scroll&quot;:&quot;1&quot;,&quot;navigation&quot;:&quot;none&quot;,&quot;autoplay_speed&quot;:0,&quot;speed&quot;:9000,&quot;autoplay&quot;:&quot;yes&quot;,&quot;infinite&quot;:&quot;yes&quot;}\" data-widget_type=\"image-carousel.default\">\n\t\t\t\t\t\t\t<div class=\"elementor-image-carousel-wrapper swiper\" role=\"region\" aria-roledescription=\"carousel\" aria-label=\"Image Carousel\" dir=\"ltr\">\n\t\t\t<div class=\"elementor-image-carousel swiper-wrapper swiper-image-stretch\" aria-live=\"off\">\n\t\t\t\t\t\t\t\t<div class=\"swiper-slide\" role=\"group\" aria-roledescription=\"slide\" aria-label=\"1 sur 4\"><figure class=\"swiper-slide-inner\"><img decoding=\"async\" class=\"swiper-slide-image lazyload\" data-src=\"https:\/\/manchuwok.com\/wp-content\/uploads\/2026\/05\/HAPPYBDAY-FR.jpg\" alt=\"HAPPYBDAY-FR\" src=\"data:image\/svg+xml;base64,PHN2ZyB3aWR0aD0iMSIgaGVpZ2h0PSIxIiB4bWxucz0iaHR0cDovL3d3dy53My5vcmcvMjAwMC9zdmciPjwvc3ZnPg==\" style=\"--smush-placeholder-width: 487px; --smush-placeholder-aspect-ratio: 487\/307;\" \/><\/figure><\/div><div class=\"swiper-slide\" role=\"group\" aria-roledescription=\"slide\" aria-label=\"2 sur 4\"><figure class=\"swiper-slide-inner\"><img decoding=\"async\" class=\"swiper-slide-image lazyload\" data-src=\"https:\/\/manchuwok.com\/wp-content\/uploads\/2026\/05\/HOLIDAYS-FR.jpg\" alt=\"HOLIDAYS-FR\" src=\"data:image\/svg+xml;base64,PHN2ZyB3aWR0aD0iMSIgaGVpZ2h0PSIxIiB4bWxucz0iaHR0cDovL3d3dy53My5vcmcvMjAwMC9zdmciPjwvc3ZnPg==\" style=\"--smush-placeholder-width: 487px; --smush-placeholder-aspect-ratio: 487\/307;\" \/><\/figure><\/div><div class=\"swiper-slide\" role=\"group\" aria-roledescription=\"slide\" aria-label=\"3 sur 4\"><figure class=\"swiper-slide-inner\"><img decoding=\"async\" class=\"swiper-slide-image lazyload\" data-src=\"https:\/\/manchuwok.com\/wp-content\/uploads\/2026\/05\/TY-FR.jpg\" alt=\"TY-FR\" src=\"data:image\/svg+xml;base64,PHN2ZyB3aWR0aD0iMSIgaGVpZ2h0PSIxIiB4bWxucz0iaHR0cDovL3d3dy53My5vcmcvMjAwMC9zdmciPjwvc3ZnPg==\" style=\"--smush-placeholder-width: 488px; --smush-placeholder-aspect-ratio: 488\/307;\" \/><\/figure><\/div><div class=\"swiper-slide\" role=\"group\" aria-roledescription=\"slide\" aria-label=\"4 sur 4\"><figure class=\"swiper-slide-inner\"><img decoding=\"async\" class=\"swiper-slide-image lazyload\" data-src=\"https:\/\/manchuwok.com\/wp-content\/uploads\/2026\/05\/VALENTINES-FR.jpg\" alt=\"VALENTINES-FR\" src=\"data:image\/svg+xml;base64,PHN2ZyB3aWR0aD0iMSIgaGVpZ2h0PSIxIiB4bWxucz0iaHR0cDovL3d3dy53My5vcmcvMjAwMC9zdmciPjwvc3ZnPg==\" style=\"--smush-placeholder-width: 487px; --smush-placeholder-aspect-ratio: 487\/307;\" \/><\/figure><\/div>\t\t\t<\/div>\n\t\t\t\t\t\t\t\n\t\t\t\t\t\t\t\t\t<\/div>\n\t\t\t\t\t\t<\/div>\n\t\t\t\t<\/div>\n\t\t<div data-particle_enable=\"false\" data-particle-mobile-disabled=\"false\" class=\"elementor-element elementor-element-4874ed7 e-flex e-con-boxed e-con e-parent\" data-id=\"4874ed7\" data-element_type=\"container\" data-e-type=\"container\" data-settings=\"{&quot;background_background&quot;:&quot;classic&quot;}\">\n\t\t\t\t\t<div class=\"e-con-inner\">\n\t\t\t\t<div class=\"elementor-element elementor-element-c3b7b3f elementor-widget elementor-widget-heading\" data-id=\"c3b7b3f\" data-element_type=\"widget\" data-e-type=\"widget\" data-widget_type=\"heading.default\">\n\t\t\t\t\t<h2 class=\"elementor-heading-title elementor-size-default\">VOUS AVEZ RE\u00c7U UNE CARTE-CADEAU?<\/h2>\t\t\t\t<\/div>\n\t\t\t\t<div class=\"elementor-element elementor-element-db246c3 elementor-align-center elementor-widget elementor-widget-button\" data-id=\"db246c3\" data-element_type=\"widget\" data-e-type=\"widget\" data-widget_type=\"button.default\">\n\t\t\t\t\t\t\t\t\t\t<a class=\"elementor-button elementor-button-link elementor-size-sm\" href=\"https:\/\/manchuwok.checkyourcardbalance.com\/fr\/login\">\n\t\t\t\t\t\t<span class=\"elementor-button-content-wrapper\">\n\t\t\t\t\t\t\t\t\t<span class=\"elementor-button-text\">V\u00c9RIFIEZ VOTRE SOLDE<\/span>\n\t\t\t\t\t<\/span>\n\t\t\t\t\t<\/a>\n\t\t\t\t\t\t\t\t<\/div>\n\t\t\t\t<div class=\"elementor-element elementor-element-cd31212 elementor-align-center elementor-widget elementor-widget-button\" data-id=\"cd31212\" data-element_type=\"widget\" data-e-type=\"widget\" data-widget_type=\"button.default\">\n\t\t\t\t\t\t\t\t\t\t<a class=\"elementor-button elementor-button-link elementor-size-sm\" href=\"https:\/\/order.manchuwok.com\/send-gift-card\">\n\t\t\t\t\t\t<span class=\"elementor-button-content-wrapper\">\n\t\t\t\t\t\t\t\t\t<span class=\"elementor-button-text\">ENVOYEZ UNE CARTE-CADEAU<\/span>\n\t\t\t\t\t<\/span>\n\t\t\t\t\t<\/a>\n\t\t\t\t\t\t\t\t<\/div>\n\t\t\t\t\t<\/div>\n\t\t\t\t<\/div>\n\t\t<div data-particle_enable=\"false\" data-particle-mobile-disabled=\"false\" class=\"elementor-element elementor-element-499a1b4 e-flex e-con-boxed e-con e-parent\" data-id=\"499a1b4\" data-element_type=\"container\" data-e-type=\"container\">\n\t\t\t\t\t<div class=\"e-con-inner\">\n\t\t<div data-particle_enable=\"false\" data-particle-mobile-disabled=\"false\" class=\"elementor-element elementor-element-ca952b3 e-con-full e-flex e-con e-child\" data-id=\"ca952b3\" data-element_type=\"container\" data-e-type=\"container\">\n\t\t\t\t<div class=\"elementor-element elementor-element-1bf50b6 elementor-widget elementor-widget-heading\" data-id=\"1bf50b6\" data-element_type=\"widget\" data-e-type=\"widget\" data-widget_type=\"heading.default\">\n\t\t\t\t\t<h2 class=\"elementor-heading-title elementor-size-default\">AU SUJET DES CARTES-CADEAUX \u00c9LECTRONIQUES<\/h2>\t\t\t\t<\/div>\n\t\t\t\t<div class=\"elementor-element elementor-element-3a46d3c elementor-widget elementor-widget-text-editor\" data-id=\"3a46d3c\" data-element_type=\"widget\" data-e-type=\"widget\" data-widget_type=\"text-editor.default\">\n\t\t\t\t\t\t\t\t\t<p>Une carte-cadeau Manchu WOK \u00e9lectronique est une carte-cadeau Manchu WOK achet\u00e9e et envoy\u00e9e \u00e9lectroniquement.<\/p><p>Ces cartes peuvent \u00eatre ajout\u00e9es gr\u00e2ce au num\u00e9ro de la carte sur le site Web order.manchuwok.com, sur l&rsquo;appli Manchu WOK ou balay\u00e9es en restaurant.<\/p><p>Les cartes num\u00e9riques peuvent \u00eatre recharg\u00e9es en restaurant ou sur le site Web de commandes de cartes Manchu WOK.<\/p><p>Si vous avez des questions ou des pr\u00e9occupations, nous vous invitons \u00e0 communiquer avec l&rsquo;\u00e9quipe Manchu WOK.<\/p>\t\t\t\t\t\t\t\t<\/div>\n\t\t\t\t<div class=\"elementor-element elementor-element-3c8dac6 elementor-align-left elementor-mobile-align-center elementor-widget elementor-widget-button\" data-id=\"3c8dac6\" data-element_type=\"widget\" data-e-type=\"widget\" data-widget_type=\"button.default\">\n\t\t\t\t\t\t\t\t\t\t<a class=\"elementor-button elementor-button-link elementor-size-sm\" href=\"\/fr\/contact-us\/\">\n\t\t\t\t\t\t<span class=\"elementor-button-content-wrapper\">\n\t\t\t\t\t\t\t\t\t<span class=\"elementor-button-text\">CONTACTEZ-NOUS<\/span>\n\t\t\t\t\t<\/span>\n\t\t\t\t\t<\/a>\n\t\t\t\t\t\t\t\t<\/div>\n\t\t\t\t<\/div>\n\t\t<div data-particle_enable=\"false\" data-particle-mobile-disabled=\"false\" class=\"elementor-element elementor-element-d50fdea e-con-full e-flex e-con e-child\" data-id=\"d50fdea\" data-element_type=\"container\" data-e-type=\"container\">\n\t\t\t\t<\/div>\n\t\t\t\t\t<\/div>\n\t\t\t\t<\/div>\n\t\t\t\t<\/div>\n\t\t","protected":false},"excerpt":{"rendered":"<p>Achetez maintenant VOUS AVEZ RE\u00c7U UNE CARTE-CADEAU? V\u00c9RIFIEZ VOTRE SOLDE ENVOYEZ UNE CARTE-CADEAU AU SUJET DES CARTES-CADEAUX \u00c9LECTRONIQUES Une carte-cadeau Manchu WOK \u00e9lectronique est une carte-cadeau Manchu WOK achet\u00e9e et envoy\u00e9e \u00e9lectroniquement. Ces cartes peuvent \u00eatre ajout\u00e9es gr\u00e2ce au num\u00e9ro de la carte sur le site Web order.manchuwok.com, sur l&rsquo;appli Manchu WOK ou balay\u00e9es en [&hellip;]<\/p>\n","protected":false},"author":1,"featured_media":0,"parent":0,"menu_order":0,"comment_status":"closed","ping_status":"closed","template":"","meta":{"_acf_changed":false,"footnotes":""},"class_list":["post-1581","page","type-page","status-publish","hentry"],"acf":[],"_links":{"self":[{"href":"https:\/\/manchuwok.com\/fr\/wp-json\/wp\/v2\/pages\/1581","targetHints":{"allow":["GET"]}}],"collection":[{"href":"https:\/\/manchuwok.com\/fr\/wp-json\/wp\/v2\/pages"}],"about":[{"href":"https:\/\/manchuwok.com\/fr\/wp-json\/wp\/v2\/types\/page"}],"author":[{"embeddable":true,"href":"https:\/\/manchuwok.com\/fr\/wp-json\/wp\/v2\/users\/1"}],"replies":[{"embeddable":true,"href":"https:\/\/manchuwok.com\/fr\/wp-json\/wp\/v2\/comments?post=1581"}],"version-history":[{"count":5,"href":"https:\/\/manchuwok.com\/fr\/wp-json\/wp\/v2\/pages\/1581\/revisions"}],"predecessor-version":[{"id":1777,"href":"https:\/\/manchuwok.com\/fr\/wp-json\/wp\/v2\/pages\/1581\/revisions\/1777"}],"wp:attachment":[{"href":"https:\/\/manchuwok.com\/fr\/wp-json\/wp\/v2\/media?parent=1581"}],"curies":[{"name":"wp","href":"https:\/\/api.w.org\/{rel}","templated":true}]}}