{"id":1565,"date":"2026-03-25T16:06:02","date_gmt":"2026-03-25T16:06:02","guid":{"rendered":"https:\/\/manchuwok.com\/rewards\/"},"modified":"2026-05-05T14:04:26","modified_gmt":"2026-05-05T14:04:26","slug":"rewards","status":"publish","type":"page","link":"https:\/\/manchuwok.com\/fr\/rewards\/","title":{"rendered":"REWARDS"},"content":{"rendered":"\t\t<div data-elementor-type=\"wp-page\" data-elementor-id=\"1565\" class=\"elementor elementor-1565 elementor-510\" data-elementor-post-type=\"page\">\n\t\t\t\t<div data-particle_enable=\"false\" data-particle-mobile-disabled=\"false\" class=\"elementor-element elementor-element-7bb8a31 e-flex e-con-boxed e-con e-parent\" data-id=\"7bb8a31\" data-element_type=\"container\" data-e-type=\"container\" data-settings=\"{&quot;background_background&quot;:&quot;classic&quot;}\">\n\t\t\t\t\t<div class=\"e-con-inner\">\n\t\t<div data-particle_enable=\"false\" data-particle-mobile-disabled=\"false\" class=\"elementor-element elementor-element-4ab0d53 e-con-full e-flex e-con e-child\" data-id=\"4ab0d53\" data-element_type=\"container\" data-e-type=\"container\">\n\t\t<div data-particle_enable=\"false\" data-particle-mobile-disabled=\"false\" class=\"elementor-element elementor-element-caea1e7 e-con-full elementor-hidden-mobile e-flex e-con e-child\" data-id=\"caea1e7\" data-element_type=\"container\" data-e-type=\"container\">\n\t\t\t\t<div class=\"elementor-element elementor-element-3ef9115 elementor-widget elementor-widget-image\" data-id=\"3ef9115\" data-element_type=\"widget\" data-e-type=\"widget\" data-widget_type=\"image.default\">\n\t\t\t\t\t\t\t\t\t\t\t\t\t\t\t<img decoding=\"async\" width=\"117\" height=\"136\" data-src=\"https:\/\/manchuwok.com\/wp-content\/uploads\/2026\/03\/Group-170.png\" class=\"attachment-large size-large wp-image-1567 lazyload\" alt=\"\" src=\"data:image\/svg+xml;base64,PHN2ZyB3aWR0aD0iMSIgaGVpZ2h0PSIxIiB4bWxucz0iaHR0cDovL3d3dy53My5vcmcvMjAwMC9zdmciPjwvc3ZnPg==\" style=\"--smush-placeholder-width: 117px; --smush-placeholder-aspect-ratio: 117\/136;\" \/>\t\t\t\t\t\t\t\t\t\t\t\t\t\t\t<\/div>\n\t\t\t\t<\/div>\n\t\t<div data-particle_enable=\"false\" data-particle-mobile-disabled=\"false\" class=\"elementor-element elementor-element-3ef57b7 e-con-full e-flex e-con e-child\" data-id=\"3ef57b7\" data-element_type=\"container\" data-e-type=\"container\">\n\t\t\t\t<div class=\"elementor-element elementor-element-0f17ae8 elementor-widget elementor-widget-heading\" data-id=\"0f17ae8\" data-element_type=\"widget\" data-e-type=\"widget\" data-widget_type=\"heading.default\">\n\t\t\t\t\t<h2 class=\"elementor-heading-title elementor-size-default\">R\u00c9COMPENSES WOK<\/h2>\t\t\t\t<\/div>\n\t\t\t\t<div class=\"elementor-element elementor-element-f325044 elementor-widget elementor-widget-heading\" data-id=\"f325044\" data-element_type=\"widget\" data-e-type=\"widget\" data-widget_type=\"heading.default\">\n\t\t\t\t\t<h2 class=\"elementor-heading-title elementor-size-default\">\u00c9CONOMIES TOUT FEU, TOUT FLAMME<\/h2>\t\t\t\t<\/div>\n\t\t\t\t<\/div>\n\t\t<div data-particle_enable=\"false\" data-particle-mobile-disabled=\"false\" class=\"elementor-element elementor-element-36d3e17 e-con-full elementor-hidden-mobile e-flex e-con e-child\" data-id=\"36d3e17\" data-element_type=\"container\" data-e-type=\"container\">\n\t\t\t\t<div class=\"elementor-element elementor-element-23b26be elementor-widget elementor-widget-image\" data-id=\"23b26be\" data-element_type=\"widget\" data-e-type=\"widget\" data-widget_type=\"image.default\">\n\t\t\t\t\t\t\t\t\t\t\t\t\t\t\t<img decoding=\"async\" width=\"117\" height=\"136\" data-src=\"https:\/\/manchuwok.com\/wp-content\/uploads\/2026\/03\/Group-170.png\" class=\"attachment-large size-large wp-image-1567 lazyload\" alt=\"\" src=\"data:image\/svg+xml;base64,PHN2ZyB3aWR0aD0iMSIgaGVpZ2h0PSIxIiB4bWxucz0iaHR0cDovL3d3dy53My5vcmcvMjAwMC9zdmciPjwvc3ZnPg==\" style=\"--smush-placeholder-width: 117px; --smush-placeholder-aspect-ratio: 117\/136;\" \/>\t\t\t\t\t\t\t\t\t\t\t\t\t\t\t<\/div>\n\t\t\t\t<\/div>\n\t\t\t\t<\/div>\n\t\t<div data-particle_enable=\"false\" data-particle-mobile-disabled=\"false\" class=\"elementor-element elementor-element-70c5d80 e-con-full elementor-hidden-mobile e-flex e-con e-child\" data-id=\"70c5d80\" data-element_type=\"container\" data-e-type=\"container\">\n\t\t\t\t<div class=\"elementor-element elementor-element-55db7a8 elementor-mobile-align-justify elementor-widget-mobile__width-initial elementor-align-justify elementor-widget__width-initial elementor-widget elementor-widget-button\" data-id=\"55db7a8\" data-element_type=\"widget\" data-e-type=\"widget\" data-widget_type=\"button.default\">\n\t\t\t\t\t\t\t\t\t\t<a class=\"elementor-button elementor-button-link elementor-size-sm\" href=\"https:\/\/order.manchuwok.com\/single-loyalty\">\n\t\t\t\t\t\t<span class=\"elementor-button-content-wrapper\">\n\t\t\t\t\t\t\t\t\t<span class=\"elementor-button-text\">INSCRIVEZ-VOUS MAINTENANT<\/span>\n\t\t\t\t\t<\/span>\n\t\t\t\t\t<\/a>\n\t\t\t\t\t\t\t\t<\/div>\n\t\t\t\t<\/div>\n\t\t<div data-particle_enable=\"false\" data-particle-mobile-disabled=\"false\" class=\"elementor-element elementor-element-ad24e94 e-con-full e-flex e-con e-child\" data-id=\"ad24e94\" data-element_type=\"container\" data-e-type=\"container\">\n\t\t\t\t<div class=\"elementor-element elementor-element-5911d38 elementor-mobile-align-justify elementor-widget-mobile__width-initial elementor-align-justify elementor-widget__width-initial elementor-hidden-desktop elementor-hidden-tablet_extra elementor-hidden-tablet elementor-hidden-mobile_extra elementor-widget elementor-widget-button\" data-id=\"5911d38\" data-element_type=\"widget\" data-e-type=\"widget\" data-widget_type=\"button.default\">\n\t\t\t\t\t\t\t\t\t\t<a class=\"elementor-button elementor-button-link elementor-size-sm\" href=\"https:\/\/order.manchuwok.com\/single-loyalty\">\n\t\t\t\t\t\t<span class=\"elementor-button-content-wrapper\">\n\t\t\t\t\t\t\t\t\t<span class=\"elementor-button-text\">INSCRIVEZ-VOUS MAINTENANT<\/span>\n\t\t\t\t\t<\/span>\n\t\t\t\t\t<\/a>\n\t\t\t\t\t\t\t\t<\/div>\n\t\t\t\t<div class=\"elementor-element elementor-element-c921e81 elementor-mobile-align-justify elementor-widget-mobile__width-initial elementor-align-justify elementor-widget__width-initial elementor-widget elementor-widget-button\" data-id=\"c921e81\" data-element_type=\"widget\" data-e-type=\"widget\" data-widget_type=\"button.default\">\n\t\t\t\t\t\t\t\t\t\t<a class=\"elementor-button elementor-button-link elementor-size-sm\" href=\"#how\">\n\t\t\t\t\t\t<span class=\"elementor-button-content-wrapper\">\n\t\t\t\t\t\t\t\t\t<span class=\"elementor-button-text\">COMMENT \u00c7A FONCTIONNE<\/span>\n\t\t\t\t\t<\/span>\n\t\t\t\t\t<\/a>\n\t\t\t\t\t\t\t\t<\/div>\n\t\t\t\t<div class=\"elementor-element elementor-element-e293730 elementor-mobile-align-justify elementor-widget-mobile__width-initial elementor-align-justify elementor-widget__width-initial elementor-widget elementor-widget-button\" data-id=\"e293730\" data-element_type=\"widget\" data-e-type=\"widget\" data-widget_type=\"button.default\">\n\t\t\t\t\t\t\t\t\t\t<a class=\"elementor-button elementor-button-link elementor-size-sm\" href=\"#benefits\">\n\t\t\t\t\t\t<span class=\"elementor-button-content-wrapper\">\n\t\t\t\t\t\t\t\t\t<span class=\"elementor-button-text\">AVANTAGES<\/span>\n\t\t\t\t\t<\/span>\n\t\t\t\t\t<\/a>\n\t\t\t\t\t\t\t\t<\/div>\n\t\t\t\t<div class=\"elementor-element elementor-element-7b24928 elementor-mobile-align-justify elementor-widget-mobile__width-initial elementor-widget__width-initial elementor-widget elementor-widget-button\" data-id=\"7b24928\" data-element_type=\"widget\" data-e-type=\"widget\" data-widget_type=\"button.default\">\n\t\t\t\t\t\t\t\t\t\t<a class=\"elementor-button elementor-button-link elementor-size-sm\" href=\"\/wp-content\/uploads\/2026\/04\/2026-01-28-LOYALTY-TCs-MANCHU-WOK-POINTS-EN.pdf\">\n\t\t\t\t\t\t<span class=\"elementor-button-content-wrapper\">\n\t\t\t\t\t\t\t\t\t<span class=\"elementor-button-text\">CONDITIONS<\/span>\n\t\t\t\t\t<\/span>\n\t\t\t\t\t<\/a>\n\t\t\t\t\t\t\t\t<\/div>\n\t\t\t\t<\/div>\n\t\t\t\t\t<\/div>\n\t\t\t\t<\/div>\n\t\t<div data-particle_enable=\"false\" data-particle-mobile-disabled=\"false\" class=\"elementor-element elementor-element-2d1a980 e-flex e-con-boxed e-con e-parent\" data-id=\"2d1a980\" data-element_type=\"container\" data-e-type=\"container\" id=\"how\">\n\t\t\t\t\t<div class=\"e-con-inner\">\n\t\t\t\t<div class=\"elementor-element elementor-element-2d266bd elementor-widget elementor-widget-heading\" data-id=\"2d266bd\" data-element_type=\"widget\" data-e-type=\"widget\" data-widget_type=\"heading.default\">\n\t\t\t\t\t<h2 class=\"elementor-heading-title elementor-size-default\">Comment \u00e7a fonctionne<\/h2>\t\t\t\t<\/div>\n\t\t\t\t<div class=\"elementor-element elementor-element-0c67ddf elementor-widget elementor-widget-heading\" data-id=\"0c67ddf\" data-element_type=\"widget\" data-e-type=\"widget\" data-widget_type=\"heading.default\">\n\t\t\t\t\t<h2 class=\"elementor-heading-title elementor-size-default\">SAISISSEZ VOTRE CHANCE <\/h2>\t\t\t\t<\/div>\n\t\t\t\t<div class=\"elementor-element elementor-element-1761c80 elementor-widget elementor-widget-text-editor\" data-id=\"1761c80\" data-element_type=\"widget\" data-e-type=\"widget\" data-widget_type=\"text-editor.default\">\n\t\t\t\t\t\t\t\t\t<p>Gr\u00e2ce aux R\u00e9compenses WOK, vous obtenez bien plus que vos plats favoris lorsque vous commandez chez ManchuWOK. Voici comment \u00e7a fonctionne :<\/p>\t\t\t\t\t\t\t\t<\/div>\n\t\t<div data-particle_enable=\"false\" data-particle-mobile-disabled=\"false\" class=\"elementor-element elementor-element-3733bec e-con-full e-flex e-con e-child\" data-id=\"3733bec\" data-element_type=\"container\" data-e-type=\"container\">\n\t\t<div data-particle_enable=\"false\" data-particle-mobile-disabled=\"false\" class=\"elementor-element elementor-element-bd203c8 e-con-full e-flex e-con e-child\" data-id=\"bd203c8\" data-element_type=\"container\" data-e-type=\"container\">\n\t\t\t\t<div class=\"elementor-element elementor-element-e4d0af6 elementor-widget elementor-widget-image\" data-id=\"e4d0af6\" data-element_type=\"widget\" data-e-type=\"widget\" data-widget_type=\"image.default\">\n\t\t\t\t\t\t\t\t\t\t\t\t\t\t\t<img fetchpriority=\"high\" decoding=\"async\" width=\"800\" height=\"640\" src=\"https:\/\/manchuwok.com\/wp-content\/uploads\/2026\/04\/2-1024x819.png\" class=\"attachment-large size-large wp-image-1576\" alt=\"\" srcset=\"https:\/\/manchuwok.com\/wp-content\/uploads\/2026\/04\/2-1024x819.png 1024w, https:\/\/manchuwok.com\/wp-content\/uploads\/2026\/04\/2-300x240.png 300w, https:\/\/manchuwok.com\/wp-content\/uploads\/2026\/04\/2-768x614.png 768w, https:\/\/manchuwok.com\/wp-content\/uploads\/2026\/04\/2-1536x1229.png 1536w, https:\/\/manchuwok.com\/wp-content\/uploads\/2026\/04\/2-2048x1638.png 2048w\" sizes=\"(max-width: 800px) 100vw, 800px\" \/>\t\t\t\t\t\t\t\t\t\t\t\t\t\t\t<\/div>\n\t\t\t\t<div class=\"elementor-element elementor-element-bac6326 elementor-widget elementor-widget-text-editor\" data-id=\"bac6326\" data-element_type=\"widget\" data-e-type=\"widget\" data-widget_type=\"text-editor.default\">\n\t\t\t\t\t\t\t\t\t<p><strong>Activez votre compte<\/strong><\/p>\t\t\t\t\t\t\t\t<\/div>\n\t\t\t\t<div class=\"elementor-element elementor-element-a4d75b0 elementor-widget elementor-widget-text-editor\" data-id=\"a4d75b0\" data-element_type=\"widget\" data-e-type=\"widget\" data-widget_type=\"text-editor.default\">\n\t\t\t\t\t\t\t\t\t<p>Que vous vous inscriviez par le biais de notre appli, notre site Web ou d&rsquo;une carte physique, il est facile de commencer. Une fois que vous aurez cr\u00e9\u00e9 votre compte, balayez votre carte en restaurant ou commandez sur l&rsquo;appli ou sur le site Web pour obtenir des points sur chaque achat.\u00a0<\/p>\t\t\t\t\t\t\t\t<\/div>\n\t\t\t\t<\/div>\n\t\t<div data-particle_enable=\"false\" data-particle-mobile-disabled=\"false\" class=\"elementor-element elementor-element-d170605 e-con-full e-flex e-con e-child\" data-id=\"d170605\" data-element_type=\"container\" data-e-type=\"container\">\n\t\t\t\t<div class=\"elementor-element elementor-element-80a3dd8 elementor-widget elementor-widget-image\" data-id=\"80a3dd8\" data-element_type=\"widget\" data-e-type=\"widget\" data-widget_type=\"image.default\">\n\t\t\t\t\t\t\t\t\t\t\t\t\t\t\t<img decoding=\"async\" width=\"800\" height=\"640\" data-src=\"https:\/\/manchuwok.com\/wp-content\/uploads\/2026\/04\/1-1024x819.png\" class=\"attachment-large size-large wp-image-1575 lazyload\" alt=\"\" data-srcset=\"https:\/\/manchuwok.com\/wp-content\/uploads\/2026\/04\/1-1024x819.png 1024w, https:\/\/manchuwok.com\/wp-content\/uploads\/2026\/04\/1-300x240.png 300w, https:\/\/manchuwok.com\/wp-content\/uploads\/2026\/04\/1-768x614.png 768w, https:\/\/manchuwok.com\/wp-content\/uploads\/2026\/04\/1-1536x1229.png 1536w, https:\/\/manchuwok.com\/wp-content\/uploads\/2026\/04\/1-2048x1638.png 2048w\" data-sizes=\"(max-width: 800px) 100vw, 800px\" src=\"data:image\/svg+xml;base64,PHN2ZyB3aWR0aD0iMSIgaGVpZ2h0PSIxIiB4bWxucz0iaHR0cDovL3d3dy53My5vcmcvMjAwMC9zdmciPjwvc3ZnPg==\" style=\"--smush-placeholder-width: 800px; --smush-placeholder-aspect-ratio: 800\/640;\" \/>\t\t\t\t\t\t\t\t\t\t\t\t\t\t\t<\/div>\n\t\t\t\t<div class=\"elementor-element elementor-element-33e35fc elementor-widget elementor-widget-text-editor\" data-id=\"33e35fc\" data-element_type=\"widget\" data-e-type=\"widget\" data-widget_type=\"text-editor.default\">\n\t\t\t\t\t\t\t\t\t<p>\u00c9changez vos points contre vos produits favoris<\/p>\t\t\t\t\t\t\t\t<\/div>\n\t\t\t\t<div class=\"elementor-element elementor-element-8e1c6c7 elementor-widget elementor-widget-text-editor\" data-id=\"8e1c6c7\" data-element_type=\"widget\" data-e-type=\"widget\" data-widget_type=\"text-editor.default\">\n\t\t\t\t\t\t\t\t\t<p>Quoi de mieux que Manchu WOK? Des produits Manchu WOK gratuits. Commencez \u00e0 \u00e9changer vos points contre des r\u00e9ductions en dollars d\u00e8s que vous atteignez 500 points. Utilisez vos points pour r\u00e9gler une partie de votre commande ou la facture enti\u00e8re.<\/p>\t\t\t\t\t\t\t\t<\/div>\n\t\t\t\t<\/div>\n\t\t<div data-particle_enable=\"false\" data-particle-mobile-disabled=\"false\" class=\"elementor-element elementor-element-b1a69ff e-con-full e-flex e-con e-child\" data-id=\"b1a69ff\" data-element_type=\"container\" data-e-type=\"container\">\n\t\t\t\t<div class=\"elementor-element elementor-element-24d4b99 elementor-widget elementor-widget-image\" data-id=\"24d4b99\" data-element_type=\"widget\" data-e-type=\"widget\" data-widget_type=\"image.default\">\n\t\t\t\t\t\t\t\t\t\t\t\t\t\t\t<img decoding=\"async\" width=\"800\" height=\"640\" data-src=\"https:\/\/manchuwok.com\/wp-content\/uploads\/2026\/04\/3-1024x819.png\" class=\"attachment-large size-large wp-image-1577 lazyload\" alt=\"\" data-srcset=\"https:\/\/manchuwok.com\/wp-content\/uploads\/2026\/04\/3-1024x819.png 1024w, https:\/\/manchuwok.com\/wp-content\/uploads\/2026\/04\/3-300x240.png 300w, https:\/\/manchuwok.com\/wp-content\/uploads\/2026\/04\/3-768x614.png 768w, https:\/\/manchuwok.com\/wp-content\/uploads\/2026\/04\/3-1536x1229.png 1536w, https:\/\/manchuwok.com\/wp-content\/uploads\/2026\/04\/3-2048x1638.png 2048w\" data-sizes=\"(max-width: 800px) 100vw, 800px\" src=\"data:image\/svg+xml;base64,PHN2ZyB3aWR0aD0iMSIgaGVpZ2h0PSIxIiB4bWxucz0iaHR0cDovL3d3dy53My5vcmcvMjAwMC9zdmciPjwvc3ZnPg==\" style=\"--smush-placeholder-width: 800px; --smush-placeholder-aspect-ratio: 800\/640;\" \/>\t\t\t\t\t\t\t\t\t\t\t\t\t\t\t<\/div>\n\t\t\t\t<div class=\"elementor-element elementor-element-530f1cf elementor-widget elementor-widget-text-editor\" data-id=\"530f1cf\" data-element_type=\"widget\" data-e-type=\"widget\" data-widget_type=\"text-editor.default\">\n\t\t\t\t\t\t\t\t\t<p><strong>Acc\u00e9dez \u00e0 des offres exclusives<\/strong><\/p>\t\t\t\t\t\t\t\t<\/div>\n\t\t\t\t<div class=\"elementor-element elementor-element-4016c4d elementor-widget elementor-widget-text-editor\" data-id=\"4016c4d\" data-element_type=\"widget\" data-e-type=\"widget\" data-widget_type=\"text-editor.default\">\n\t\t\t\t\t\t\t\t\t<p>Les R\u00e9compenses WOK vous donnent acc\u00e8s \u00e0 des offres promotionnelles, des points en prime et des exclusivit\u00e9s en ligne. Adh\u00e9rez au programme et maximisez vos avantages \u00e0 chaque commande.<\/p>\t\t\t\t\t\t\t\t<\/div>\n\t\t\t\t<\/div>\n\t\t\t\t<\/div>\n\t\t\t\t\t<\/div>\n\t\t\t\t<\/div>\n\t\t<div data-particle_enable=\"false\" data-particle-mobile-disabled=\"false\" class=\"elementor-element elementor-element-26dc1ca e-flex e-con-boxed e-con e-parent\" data-id=\"26dc1ca\" data-element_type=\"container\" data-e-type=\"container\" id=\"benefits\">\n\t\t\t\t\t<div class=\"e-con-inner\">\n\t\t<div data-particle_enable=\"false\" data-particle-mobile-disabled=\"false\" class=\"elementor-element elementor-element-b3b6341 e-con-full e-flex e-con e-child\" data-id=\"b3b6341\" data-element_type=\"container\" data-e-type=\"container\">\n\t\t\t\t<div class=\"elementor-element elementor-element-f620d02 elementor-widget elementor-widget-heading\" data-id=\"f620d02\" data-element_type=\"widget\" data-e-type=\"widget\" data-widget_type=\"heading.default\">\n\t\t\t\t\t<h2 class=\"elementor-heading-title elementor-size-default\">Avantages <\/h2>\t\t\t\t<\/div>\n\t\t\t\t<div class=\"elementor-element elementor-element-481b036 elementor-widget elementor-widget-text-editor\" data-id=\"481b036\" data-element_type=\"widget\" data-e-type=\"widget\" data-widget_type=\"text-editor.default\">\n\t\t\t\t\t\t\t\t\t<p>Les R\u00e9compenses WOK vous donnent acc\u00e8s \u00e0 des offres promotionnelles, des points en prime et des exclusivit\u00e9s en ligne. Adh\u00e9rez au programme et maximisez vos avantages \u00e0 chaque commande.<\/p>\t\t\t\t\t\t\t\t<\/div>\n\t\t\t\t<div class=\"elementor-element elementor-element-2b0a023 elementor-widget elementor-widget-heading\" data-id=\"2b0a023\" data-element_type=\"widget\" data-e-type=\"widget\" data-widget_type=\"heading.default\">\n\t\t\t\t\t<h2 class=\"elementor-heading-title elementor-size-default\">R\u00e9compenses de bienvenue<\/h2>\t\t\t\t<\/div>\n\t\t\t\t<div class=\"elementor-element elementor-element-72f9abd elementor-widget elementor-widget-text-editor\" data-id=\"72f9abd\" data-element_type=\"widget\" data-e-type=\"widget\" data-widget_type=\"text-editor.default\">\n\t\t\t\t\t\t\t\t\t<p>Obtenez 1 000 points en prime lorsque vous effectuez un premier achat dans les 30 jours suivant votre inscription.<\/p>\t\t\t\t\t\t\t\t<\/div>\n\t\t\t\t<div class=\"elementor-element elementor-element-96ec418 elementor-widget elementor-widget-heading\" data-id=\"96ec418\" data-element_type=\"widget\" data-e-type=\"widget\" data-widget_type=\"heading.default\">\n\t\t\t\t\t<h2 class=\"elementor-heading-title elementor-size-default\">Jour d'anniversaire encore plus joyeux<\/h2>\t\t\t\t<\/div>\n\t\t\t\t<div class=\"elementor-element elementor-element-393298d elementor-widget elementor-widget-text-editor\" data-id=\"393298d\" data-element_type=\"widget\" data-e-type=\"widget\" data-widget_type=\"text-editor.default\">\n\t\t\t\t\t\t\t\t\t<p>C\u00e9l\u00e9brez avec 1 500 points en prime lorsque vous utilisez votre compte dans les 30 jours suivant le jour de votre anniversaire.<\/p>\t\t\t\t\t\t\t\t<\/div>\n\t\t\t\t<div class=\"elementor-element elementor-element-1e9fc59 elementor-widget elementor-widget-heading\" data-id=\"1e9fc59\" data-element_type=\"widget\" data-e-type=\"widget\" data-widget_type=\"heading.default\">\n\t\t\t\t\t<h2 class=\"elementor-heading-title elementor-size-default\">\u00c9vitez la file<\/h2>\t\t\t\t<\/div>\n\t\t\t\t<div class=\"elementor-element elementor-element-421a798 elementor-widget elementor-widget-text-editor\" data-id=\"421a798\" data-element_type=\"widget\" data-e-type=\"widget\" data-widget_type=\"text-editor.default\">\n\t\t\t\t\t\t\t\t\t<p>Commandez \u00e0 l&rsquo;avance sur notre appli ou notre site Web et passez prendre votre commande d\u00e8s qu&rsquo;elle est pr\u00eate. Tous vos favoris, sans la file d&rsquo;attente.<\/p>\t\t\t\t\t\t\t\t<\/div>\n\t\t\t\t<div class=\"elementor-element elementor-element-516d42c elementor-widget elementor-widget-heading\" data-id=\"516d42c\" data-element_type=\"widget\" data-e-type=\"widget\" data-widget_type=\"heading.default\">\n\t\t\t\t\t<h2 class=\"elementor-heading-title elementor-size-default\">La livraison aux prix offerts en restaurant<\/h2>\t\t\t\t<\/div>\n\t\t\t\t<div class=\"elementor-element elementor-element-2aba23d elementor-widget elementor-widget-text-editor\" data-id=\"2aba23d\" data-element_type=\"widget\" data-e-type=\"widget\" data-widget_type=\"text-editor.default\">\n\t\t\t\t\t\t\t\t\t<p>Passez une commande pour livraison sur l&rsquo;appli ou le site Web Manchu WOK, profitez des prix offerts en restaurant et obtenez des points sur chaque commande.\u00a0\u00a0<\/p>\t\t\t\t\t\t\t\t<\/div>\n\t\t\t\t<div class=\"elementor-element elementor-element-185db4c elementor-widget elementor-widget-heading\" data-id=\"185db4c\" data-element_type=\"widget\" data-e-type=\"widget\" data-widget_type=\"heading.default\">\n\t\t\t\t\t<h2 class=\"elementor-heading-title elementor-size-default\">Offres num\u00e9riques exclusives<\/h2>\t\t\t\t<\/div>\n\t\t\t\t<div class=\"elementor-element elementor-element-8c318ff elementor-widget elementor-widget-text-editor\" data-id=\"8c318ff\" data-element_type=\"widget\" data-e-type=\"widget\" data-widget_type=\"text-editor.default\">\n\t\t\t\t\t\t\t\t\t<p>D\u00e9verrouillez sur l&rsquo;appli ou le site Web des produits que vous ne trouverez pas en restaurant.<\/p>\t\t\t\t\t\t\t\t<\/div>\n\t\t\t\t<div class=\"elementor-element elementor-element-be841a5 elementor-widget elementor-widget-heading\" data-id=\"be841a5\" data-element_type=\"widget\" data-e-type=\"widget\" data-widget_type=\"heading.default\">\n\t\t\t\t\t<h2 class=\"elementor-heading-title elementor-size-default\">Restez \u00e0 l'aff\u00fbt<\/h2>\t\t\t\t<\/div>\n\t\t\t\t<div class=\"elementor-element elementor-element-3a162bc elementor-widget elementor-widget-text-editor\" data-id=\"3a162bc\" data-element_type=\"widget\" data-e-type=\"widget\" data-widget_type=\"text-editor.default\">\n\t\t\t\t\t\t\t\t\t<p>Restez inform\u00e9 des offres, des nouveaux produits au menu et bien plus encore en vous inscrivant aux courriels et \u00e0 la diffusion de notifications.<\/p>\t\t\t\t\t\t\t\t<\/div>\n\t\t\t\t<\/div>\n\t\t<div data-particle_enable=\"false\" data-particle-mobile-disabled=\"false\" class=\"elementor-element elementor-element-55ea4b3 e-con-full e-flex e-con e-child\" data-id=\"55ea4b3\" data-element_type=\"container\" data-e-type=\"container\">\n\t\t\t\t<div class=\"elementor-element elementor-element-949b078 elementor-widget elementor-widget-image\" data-id=\"949b078\" data-element_type=\"widget\" data-e-type=\"widget\" data-widget_type=\"image.default\">\n\t\t\t\t\t\t\t\t\t\t\t\t\t\t\t<img loading=\"lazy\" decoding=\"async\" width=\"400\" height=\"600\" src=\"https:\/\/manchuwok.com\/wp-content\/uploads\/2026\/04\/card_format_ce35845816_20250212165009.avif\" class=\"attachment-large size-large wp-image-1573\" alt=\"\" srcset=\"https:\/\/manchuwok.com\/wp-content\/uploads\/2026\/04\/card_format_ce35845816_20250212165009.avif 400w, https:\/\/manchuwok.com\/wp-content\/uploads\/2026\/04\/card_format_ce35845816_20250212165009-200x300.jpg 200w\" sizes=\"(max-width: 400px) 100vw, 400px\" \/>\t\t\t\t\t\t\t\t\t\t\t\t\t\t\t<\/div>\n\t\t\t\t<\/div>\n\t\t\t\t\t<\/div>\n\t\t\t\t<\/div>\n\t\t<div data-particle_enable=\"false\" data-particle-mobile-disabled=\"false\" class=\"elementor-element elementor-element-283cdce e-flex e-con-boxed e-con e-parent\" data-id=\"283cdce\" data-element_type=\"container\" data-e-type=\"container\">\n\t\t\t\t\t<div class=\"e-con-inner\">\n\t\t\t\t<div class=\"elementor-element elementor-element-f0d3e1f elementor-mobile-align-justify elementor-widget-mobile__width-initial elementor-align-center elementor-widget elementor-widget-button\" data-id=\"f0d3e1f\" data-element_type=\"widget\" data-e-type=\"widget\" data-widget_type=\"button.default\">\n\t\t\t\t\t\t\t\t\t\t<a class=\"elementor-button elementor-button-link elementor-size-sm\" href=\"https:\/\/order.manchuwok.com\/single-loyalty\">\n\t\t\t\t\t\t<span class=\"elementor-button-content-wrapper\">\n\t\t\t\t\t\t\t\t\t<span class=\"elementor-button-text\">INSCRIVEZ-VOUS MAINTENANT<\/span>\n\t\t\t\t\t<\/span>\n\t\t\t\t\t<\/a>\n\t\t\t\t\t\t\t\t<\/div>\n\t\t\t\t\t<\/div>\n\t\t\t\t<\/div>\n\t\t\t\t<\/div>\n\t\t","protected":false},"excerpt":{"rendered":"<p>R\u00c9COMPENSES WOK \u00c9CONOMIES TOUT FEU, TOUT FLAMME INSCRIVEZ-VOUS MAINTENANT INSCRIVEZ-VOUS MAINTENANT COMMENT \u00c7A FONCTIONNE AVANTAGES CONDITIONS Comment \u00e7a fonctionne SAISISSEZ VOTRE CHANCE Gr\u00e2ce aux R\u00e9compenses WOK, vous obtenez bien plus que vos plats favoris lorsque vous commandez chez ManchuWOK. Voici comment \u00e7a fonctionne : Activez votre compte Que vous vous inscriviez par le biais de [&hellip;]<\/p>\n","protected":false},"author":1,"featured_media":0,"parent":0,"menu_order":0,"comment_status":"closed","ping_status":"closed","template":"","meta":{"_acf_changed":false,"footnotes":""},"class_list":["post-1565","page","type-page","status-publish","hentry"],"acf":[],"_links":{"self":[{"href":"https:\/\/manchuwok.com\/fr\/wp-json\/wp\/v2\/pages\/1565","targetHints":{"allow":["GET"]}}],"collection":[{"href":"https:\/\/manchuwok.com\/fr\/wp-json\/wp\/v2\/pages"}],"about":[{"href":"https:\/\/manchuwok.com\/fr\/wp-json\/wp\/v2\/types\/page"}],"author":[{"embeddable":true,"href":"https:\/\/manchuwok.com\/fr\/wp-json\/wp\/v2\/users\/1"}],"replies":[{"embeddable":true,"href":"https:\/\/manchuwok.com\/fr\/wp-json\/wp\/v2\/comments?post=1565"}],"version-history":[{"count":5,"href":"https:\/\/manchuwok.com\/fr\/wp-json\/wp\/v2\/pages\/1565\/revisions"}],"predecessor-version":[{"id":1667,"href":"https:\/\/manchuwok.com\/fr\/wp-json\/wp\/v2\/pages\/1565\/revisions\/1667"}],"wp:attachment":[{"href":"https:\/\/manchuwok.com\/fr\/wp-json\/wp\/v2\/media?parent=1565"}],"curies":[{"name":"wp","href":"https:\/\/api.w.org\/{rel}","templated":true}]}}